{"id":28,"date":"2020-03-05T14:11:59","date_gmt":"2020-03-05T13:11:59","guid":{"rendered":"http:\/\/gratade.com\/?page_id=28"},"modified":"2023-08-31T12:21:05","modified_gmt":"2023-08-31T10:21:05","slug":"contact","status":"publish","type":"page","link":"https:\/\/www.gratade.com\/?page_id=28","title":{"rendered":"Contact"},"content":{"rendered":"\n<div class=\"wpcf7 no-js\" id=\"wpcf7-f40-o1\" lang=\"fr-FR\" dir=\"ltr\">\n<div class=\"screen-reader-response\"><p role=\"status\" aria-live=\"polite\" aria-atomic=\"true\"><\/p> <ul><\/ul><\/div>\n<form action=\"\/index.php?rest_route=%2Fwp%2Fv2%2Fpages%2F28#wpcf7-f40-o1\" method=\"post\" class=\"wpcf7-form init\" aria-label=\"Formulaire de contact\" novalidate=\"novalidate\" data-status=\"init\">\n<div style=\"display: none;\">\n<input type=\"hidden\" name=\"_wpcf7\" value=\"40\" \/>\n<input type=\"hidden\" name=\"_wpcf7_version\" value=\"5.9.8\" \/>\n<input type=\"hidden\" name=\"_wpcf7_locale\" value=\"fr_FR\" \/>\n<input type=\"hidden\" name=\"_wpcf7_unit_tag\" value=\"wpcf7-f40-o1\" \/>\n<input type=\"hidden\" name=\"_wpcf7_container_post\" value=\"0\" \/>\n<input type=\"hidden\" name=\"_wpcf7_posted_data_hash\" value=\"\" \/>\n<\/div>\n<p><label> Votre nom (obligatoire)<br \/>\n<span class=\"wpcf7-form-control-wrap\" data-name=\"your-name\"><input size=\"40\" maxlength=\"400\" class=\"wpcf7-form-control wpcf7-text wpcf7-validates-as-required\" aria-required=\"true\" aria-invalid=\"false\" value=\"\" type=\"text\" name=\"your-name\" \/><\/span> <\/label>\n<\/p>\n<p><label> Votre adresse de messagerie (obligatoire)<br \/>\n<span class=\"wpcf7-form-control-wrap\" data-name=\"your-email\"><input size=\"40\" maxlength=\"400\" class=\"wpcf7-form-control wpcf7-email wpcf7-validates-as-required wpcf7-text wpcf7-validates-as-email\" aria-required=\"true\" aria-invalid=\"false\" value=\"\" type=\"email\" name=\"your-email\" \/><\/span> <\/label><br \/>\n<label> T\u00e9l\u00e9phone<br \/>\n<span class=\"wpcf7-form-control-wrap\" data-name=\"Tlphone\"><input size=\"40\" maxlength=\"400\" class=\"wpcf7-form-control wpcf7-tel wpcf7-text wpcf7-validates-as-tel\" aria-invalid=\"false\" value=\"\" type=\"tel\" name=\"Tlphone\" \/><\/span> <\/label>\n<\/p>\n<p><label> Objet<br \/>\n<span class=\"wpcf7-form-control-wrap\" data-name=\"your-subject\"><input size=\"40\" maxlength=\"400\" class=\"wpcf7-form-control wpcf7-text\" aria-invalid=\"false\" value=\"\" type=\"text\" name=\"your-subject\" \/><\/span> <\/label>\n<\/p>\n<p><label> Votre message<br \/>\n<span class=\"wpcf7-form-control-wrap\" data-name=\"your-message\"><textarea cols=\"40\" rows=\"10\" maxlength=\"2000\" class=\"wpcf7-form-control wpcf7-textarea\" aria-invalid=\"false\" name=\"your-message\"><\/textarea><\/span> <\/label>\n<\/p>\n<p><input class=\"wpcf7-form-control wpcf7-submit has-spinner\" type=\"submit\" value=\"Envoyer\" \/>\n<\/p><div class=\"wpcf7-response-output\" aria-hidden=\"true\"><\/div>\n<\/form>\n<\/div>\n\n\n\n\n<p class=\"has-small-font-size\"><strong>Article L223-1<\/strong><\/p>\n\n\n\n<p style=\"font-size:10px\"><strong>Le consommateur qui ne souhaite pas faire l&rsquo;objet de prospection commerciale par voie t\u00e9l\u00e9phonique peut gratuitement s&rsquo;inscrire sur une liste d&rsquo;opposition au d\u00e9marchage t\u00e9l\u00e9phonique.  <a href=\"https:\/\/www.bloctel.gouv.fr\/accueil\" target=\"_blank\" rel=\"noreferrer noopener\" aria-label=\" (s\u2019ouvre dans un nouvel onglet)\">Bloctel &#8211; Espace consommateur<\/a> <\/strong><\/p>\n\n\n\n<p style=\"font-size:10px\"><strong>Il est interdit \u00e0 un professionnel, directement ou par l&rsquo;interm\u00e9diaire d&rsquo;un tiers agissant pour son compte, de d\u00e9marcher <br>t\u00e9l\u00e9phoniquement un consommateur inscrit sur cette liste, sauf lorsqu&rsquo;il s&rsquo;agit de sollicitations intervenant dans le cadre de l&rsquo;ex\u00e9cution <br>d&rsquo;un contrat en cours et ayant un rapport avec l&rsquo;objet de ce contrat, y compris lorsqu&rsquo;il s&rsquo;agit de proposer au consommateur des <br>produits ou des services aff\u00e9rents ou compl\u00e9mentaires \u00e0 l&rsquo;objet du contrat en cours ou de nature \u00e0 am\u00e9liorer ses performances ou sa <br>qualit\u00e9.<\/strong><\/p>\n","protected":false},"excerpt":{"rendered":"<p>Article L223-1 Le consommateur qui ne souhaite pas faire l&rsquo;objet de prospection commerciale par voie t\u00e9l\u00e9phonique peut gratuitement s&rsquo;inscrire sur une liste d&rsquo;opposition au d\u00e9marchage t\u00e9l\u00e9phonique. Bloctel &#8211; Espace consommateur Il est interdit \u00e0 un professionnel, directement ou par l&rsquo;interm\u00e9diaire d&rsquo;un tiers agissant pour son compte, de d\u00e9marcher t\u00e9l\u00e9phoniquement un consommateur inscrit sur cette liste, [&hellip;]<\/p>\n","protected":false},"author":1,"featured_media":0,"parent":0,"menu_order":0,"comment_status":"closed","ping_status":"closed","template":"","meta":{"footnotes":""},"_links":{"self":[{"href":"https:\/\/www.gratade.com\/index.php?rest_route=\/wp\/v2\/pages\/28"}],"collection":[{"href":"https:\/\/www.gratade.com\/index.php?rest_route=\/wp\/v2\/pages"}],"about":[{"href":"https:\/\/www.gratade.com\/index.php?rest_route=\/wp\/v2\/types\/page"}],"author":[{"embeddable":true,"href":"https:\/\/www.gratade.com\/index.php?rest_route=\/wp\/v2\/users\/1"}],"replies":[{"embeddable":true,"href":"https:\/\/www.gratade.com\/index.php?rest_route=%2Fwp%2Fv2%2Fcomments&post=28"}],"version-history":[{"count":9,"href":"https:\/\/www.gratade.com\/index.php?rest_route=\/wp\/v2\/pages\/28\/revisions"}],"predecessor-version":[{"id":248,"href":"https:\/\/www.gratade.com\/index.php?rest_route=\/wp\/v2\/pages\/28\/revisions\/248"}],"wp:attachment":[{"href":"https:\/\/www.gratade.com\/index.php?rest_route=%2Fwp%2Fv2%2Fmedia&parent=28"}],"curies":[{"name":"wp","href":"https:\/\/api.w.org\/{rel}","templated":true}]}}