{"id":26,"date":"2020-03-05T14:11:42","date_gmt":"2020-03-05T13:11:42","guid":{"rendered":"http:\/\/gratade.com\/?page_id=26"},"modified":"2023-09-12T17:28:01","modified_gmt":"2023-09-12T15:28:01","slug":"info","status":"publish","type":"page","link":"https:\/\/www.gratade.com\/?page_id=26","title":{"rendered":"Mentions L\u00e9gales"},"content":{"rendered":"\n<p><\/p>\n\n\n\n<p><br>\n<strong>Coordonn\u00e9es<\/strong><\/p>\n\n\n\n<p><strong>Gratade<\/strong> <br>80, Rue Anatole France<br>CS 50220 <br>92593 Levallois-Perret<br> Tel : 01 41 43 83 83 <br> Email : <a href=\"mailto:contact@gratade.com\">contact@gratade.com<\/a><\/p>\n\n\n\n<p><br> <strong>Statuts et cartes professionnelles<\/strong><br> Le Cabinet Gratade est : <br> &#8211;&nbsp;&nbsp;&nbsp;&nbsp;une SAS au capital de 134.280 \u20ac &#8211; SIRET 592 039 705 &#8211; APE 703C<br> &#8211;&nbsp;&nbsp;&nbsp;&nbsp;Num\u00e9ro de TVA  FR45592039705 <\/p>\n\n\n\n<p> &#8211;&nbsp;&nbsp;&nbsp;&nbsp;garantie par La Compagnie Europ\u00e9enne de garanties et cautions.<br> &nbsp;&nbsp;&nbsp;&nbsp;&nbsp;CEGC &#8211; 16, Rue Hoche &#8211; 92919 La D\u00e9fense Cedex. <br> &#8211;&nbsp;&nbsp;&nbsp;&nbsp;assur\u00e9e en responsabilit\u00e9 civile professionnelle aupr\u00e8s de Verspieren, <br> contrat n\u00b0127124693. <br> <\/p>\n\n\n\n<p>Titulaire des qualifications requise pour l\u2019obtention de la carte professionnelle cette derni\u00e8re a \u00e9t\u00e9 d\u00e9livr\u00e9e par la CCI de Paris Ile-de-France sous le num\u00e9ro CPI 9201 2016 000&nbsp;006&nbsp;331.<br> <\/p>\n\n\n\n<p>Le Cabinet est membre fondateur de <a rel=\"noreferrer noopener\" href=\"http:\/\/www.unis-immo.com\/\" target=\"_blank\">l\u2019Unis<\/a>, syndicat professionnel d\u2019administrateurs de biens et agences immobili\u00e8res.<\/p>\n\n\n\n<p><strong>M\u00e9diateur de la\nconsommation<\/strong><\/p>\n\n\n\n<p> Le m\u00e9diateur de la consommation dont Gratade rel\u00e8ve est AME CONSO (<a href=\"https:\/\/www.mediationconso-ame.com\/\">https:\/\/www.mediationconso-ame.com<\/a>) dont le si\u00e8ge social est situ\u00e9 11 Place Dauphine, 75001 Paris <\/p>\n\n\n\n<p><br> <strong>Direction<\/strong>:<\/p>\n\n\n\n<p>La Direction de la Soci\u00e9t\u00e9 est assur\u00e9e par :<\/p>\n\n\n\n<p><\/p>\n\n\n\n<p>Yves GRATADE Co-G\u00e9rant de la Soci\u00e9t\u00e9 JBCJ Pr\u00e9sidente<\/p>\n\n\n\n<p>Julie GRATADE Co-G\u00e9rant de la Soci\u00e9t\u00e9 JBCJ Pr\u00e9sidente<\/p>\n\n\n\n<p>Jonathan ROY Co-G\u00e9rant de la Soci\u00e9t\u00e9 JBCJ Pr\u00e9sidente<\/p>\n\n\n\n<p>Eric Pichon G\u00e9rant de la Soci\u00e9t\u00e9 BREPIMMO Directrice g\u00e9n\u00e9rale<\/p>\n\n\n\n<p><\/p>\n","protected":false},"excerpt":{"rendered":"<p>Coordonn\u00e9es Gratade 80, Rue Anatole FranceCS 50220 92593 Levallois-Perret Tel : 01 41 43 83 83 Email : contact@gratade.com Statuts et cartes professionnelles Le Cabinet Gratade est : &#8211;&nbsp;&nbsp;&nbsp;&nbsp;une SAS au capital de 134.280 \u20ac &#8211; SIRET 592 039 705 &#8211; APE 703C &#8211;&nbsp;&nbsp;&nbsp;&nbsp;Num\u00e9ro de TVA FR45592039705 &#8211;&nbsp;&nbsp;&nbsp;&nbsp;garantie par La Compagnie Europ\u00e9enne de garanties et [&hellip;]<\/p>\n","protected":false},"author":1,"featured_media":0,"parent":0,"menu_order":0,"comment_status":"closed","ping_status":"closed","template":"","meta":{"footnotes":""},"_links":{"self":[{"href":"https:\/\/www.gratade.com\/index.php?rest_route=\/wp\/v2\/pages\/26"}],"collection":[{"href":"https:\/\/www.gratade.com\/index.php?rest_route=\/wp\/v2\/pages"}],"about":[{"href":"https:\/\/www.gratade.com\/index.php?rest_route=\/wp\/v2\/types\/page"}],"author":[{"embeddable":true,"href":"https:\/\/www.gratade.com\/index.php?rest_route=\/wp\/v2\/users\/1"}],"replies":[{"embeddable":true,"href":"https:\/\/www.gratade.com\/index.php?rest_route=%2Fwp%2Fv2%2Fcomments&post=26"}],"version-history":[{"count":12,"href":"https:\/\/www.gratade.com\/index.php?rest_route=\/wp\/v2\/pages\/26\/revisions"}],"predecessor-version":[{"id":255,"href":"https:\/\/www.gratade.com\/index.php?rest_route=\/wp\/v2\/pages\/26\/revisions\/255"}],"wp:attachment":[{"href":"https:\/\/www.gratade.com\/index.php?rest_route=%2Fwp%2Fv2%2Fmedia&parent=26"}],"curies":[{"name":"wp","href":"https:\/\/api.w.org\/{rel}","templated":true}]}}