{"id":18,"date":"2020-03-05T14:03:14","date_gmt":"2020-03-05T13:03:14","guid":{"rendered":"http:\/\/gratade.com\/?page_id=18"},"modified":"2020-03-10T15:20:38","modified_gmt":"2020-03-10T14:20:38","slug":"gratade","status":"publish","type":"page","link":"https:\/\/www.gratade.com\/","title":{"rendered":"Accueil"},"content":{"rendered":"\n<p><strong>INDEPENDANT <\/strong>depuis plus de 70 ans, dirig\u00e9 par la famille du fondateur, le Cabinet GRATADE intervient dans les domaines de la <strong>Gestion locative<\/strong>, de la <strong>Transaction immobili\u00e8re<\/strong> et en tant que <strong>Syndic de copropri\u00e9t\u00e9s<\/strong>.<\/p>\n\n\n\n<p> Qu\u2019il s\u2019agisse d\u2019une vente, ou d\u2019une location-g\u00e9rance \u00e0 Paris ou en r\u00e9gion parisienne, le Cabinet administre tout type de bien&nbsp;: lots isol\u00e9s ou immeubles entiers, locaux d\u2019habitation, professionnels ou commerciaux (bureaux, boutiques, centres commerciaux\u2026).<br> Le Cabinet GRATADE ne fait pas partie d\u2019un groupe immobilier. Les d\u00e9cisions prises servent donc l\u2019int\u00e9r\u00eat exclusif de la client\u00e8le&nbsp;. <strong>Libert\u00e9 <\/strong>et <strong>transparence <\/strong>sont les raisons pour lesquelles les clients confient \u00e0 GRATADE la vente ou la gestion de leurs biens immobiliers sur plusieurs g\u00e9n\u00e9rations.<br> <br> Fort de&nbsp; 42 salari\u00e9s, le Cabinet GRATADE met \u00e0 votre disposition une \u00e9quipe d\u00e9di\u00e9e \u00e0 l\u2019administration de votre bien immobilier. Cette \u00e9quipe est compos\u00e9e d\u2019un Gestionnaire et d\u2019une assistante, supervis\u00e9 par un Principal, assist\u00e9 , d\u2019un Comptable et d\u2019un inspecteur technique .<br>Pour assurer des prestations de qualit\u00e9 dans tous les domaines qui composent le m\u00e9tier de l\u2019administration de biens, le Cabinet GRATADE a par ailleurs constitu\u00e9 des services experts dans les domaines particuli\u00e8rement pointus que sont le contentieux, les travaux, les assurances et l\u2019administration du personnel des immeubles.<\/p>\n\n\n\n<p>&nbsp;Le Cabinet g\u00e8re <strong>14 000 lots,<\/strong> qu\u2019il s\u2019agisse de locaux d\u2019habitation, de parkings, de locaux commerciaux (simples magasins ou centres commerciaux) ou professionnels.<br><strong> 12 000<\/strong> <strong>lots <\/strong>sont administr\u00e9s en copropri\u00e9t\u00e9<br> <strong>2 000 lots<\/strong> sont en gestion locative.<\/p>\n\n\n\n<p><\/p>\n","protected":false},"excerpt":{"rendered":"<p>INDEPENDANT depuis plus de 70 ans, dirig\u00e9 par la famille du fondateur, le Cabinet GRATADE intervient dans les domaines de la Gestion locative, de la Transaction immobili\u00e8re et en tant que Syndic de copropri\u00e9t\u00e9s. Qu\u2019il s\u2019agisse d\u2019une vente, ou d\u2019une location-g\u00e9rance \u00e0 Paris ou en r\u00e9gion parisienne, le Cabinet administre tout type de bien&nbsp;: lots [&hellip;]<\/p>\n","protected":false},"author":1,"featured_media":8,"parent":0,"menu_order":0,"comment_status":"closed","ping_status":"closed","template":"","meta":{"footnotes":""},"_links":{"self":[{"href":"https:\/\/www.gratade.com\/index.php?rest_route=\/wp\/v2\/pages\/18"}],"collection":[{"href":"https:\/\/www.gratade.com\/index.php?rest_route=\/wp\/v2\/pages"}],"about":[{"href":"https:\/\/www.gratade.com\/index.php?rest_route=\/wp\/v2\/types\/page"}],"author":[{"embeddable":true,"href":"https:\/\/www.gratade.com\/index.php?rest_route=\/wp\/v2\/users\/1"}],"replies":[{"embeddable":true,"href":"https:\/\/www.gratade.com\/index.php?rest_route=%2Fwp%2Fv2%2Fcomments&post=18"}],"version-history":[{"count":10,"href":"https:\/\/www.gratade.com\/index.php?rest_route=\/wp\/v2\/pages\/18\/revisions"}],"predecessor-version":[{"id":130,"href":"https:\/\/www.gratade.com\/index.php?rest_route=\/wp\/v2\/pages\/18\/revisions\/130"}],"wp:featuredmedia":[{"embeddable":true,"href":"https:\/\/www.gratade.com\/index.php?rest_route=\/wp\/v2\/media\/8"}],"wp:attachment":[{"href":"https:\/\/www.gratade.com\/index.php?rest_route=%2Fwp%2Fv2%2Fmedia&parent=18"}],"curies":[{"name":"wp","href":"https:\/\/api.w.org\/{rel}","templated":true}]}}